{"id":21509,"date":"2024-06-26T14:15:41","date_gmt":"2024-06-26T12:15:41","guid":{"rendered":"https:\/\/rapid-interim.com\/index.php\/job-openings\/"},"modified":"2024-06-26T14:16:34","modified_gmt":"2024-06-26T12:16:34","slug":"job-openings","status":"publish","type":"page","link":"https:\/\/rapid-interim.com\/index.php\/job-openings\/","title":{"rendered":"Jobs"},"content":{"rendered":"\t<div class=\"awsm-job-wrap\">\n\n\t\t<div class=\"awsm-filter-wrap awsm-no-search-filter-wrap\"><form action=\"https:\/\/rapid-interim.com\/wp-admin\/admin-ajax.php\" method=\"POST\"><a href=\"#\" class=\"awsm-filter-toggle\" role=\"button\" aria-pressed=\"false\"><span class=\"awsm-filter-toggle-text-wrapper\">Filter by<\/span><svg width=\"100\" height=\"100\" viewBox=\"0 0 100 100\" xmlns=\"http:\/\/www.w3.org\/2000\/svg\" version=\"1.1\" preserveAspectRatio=\"xMinYMin\"><path xmlns=\"http:\/\/www.w3.org\/2000\/svg\" fill=\"rgb(9.803922%,9.803922%,9.803922%)\" d=\"M 36.417969 19.9375 L 36.417969 17.265625 C 36.417969 16.160156 35.523438 15.265625 34.417969 15.265625 L 21.578125 15.265625 C 20.476562 15.265625 19.578125 16.160156 19.578125 17.265625 L 19.578125 19.9375 L 11 19.9375 L 11 26.9375 L 19.578125 26.9375 L 19.578125 30.105469 C 19.578125 31.210938 20.476562 32.105469 21.578125 32.105469 L 34.417969 32.105469 C 35.523438 32.105469 36.417969 31.210938 36.417969 30.105469 L 36.417969 26.9375 L 89 26.9375 L 89 19.9375 Z M 58.421875 43.578125 C 58.421875 42.476562 57.527344 41.578125 56.421875 41.578125 L 43.582031 41.578125 C 42.480469 41.578125 41.582031 42.476562 41.582031 43.578125 L 41.582031 46.5 L 11 46.5 L 11 53.5 L 41.582031 53.5 L 41.582031 56.421875 C 41.582031 57.527344 42.480469 58.421875 43.582031 58.421875 L 56.421875 58.421875 C 57.527344 58.421875 58.421875 57.527344 58.421875 56.421875 L 58.421875 53.5 L 89 53.5 L 89 46.5 L 58.421875 46.5 Z M 80.417969 70.140625 C 80.417969 69.035156 79.523438 68.140625 78.417969 68.140625 L 65.578125 68.140625 C 64.476562 68.140625 63.578125 69.035156 63.578125 70.140625 L 63.578125 73.0625 L 11 73.0625 L 11 80.0625 L 63.578125 80.0625 L 63.578125 82.984375 C 63.578125 84.085938 64.476562 84.984375 65.578125 84.984375 L 78.417969 84.984375 C 79.523438 84.984375 80.417969 84.085938 80.417969 82.984375 L 80.417969 80.0625 L 89 80.0625 L 89 73.0625 L 80.417969 73.0625 Z M 80.417969 70.140625\"\/><\/svg><\/a><div class=\"awsm-filter-items\"><div class=\"awsm-filter-item\" data-filter=\"job__category_spec\"><label for=\"awsm-job-category-filter-option-1\" class=\"awsm-sr-only\">All Job Category<\/label><select name=\"awsm_job_spec[job-category]\" class=\"awsm-filter-option awsm-job-category-filter-option\" id=\"awsm-job-category-filter-option-1\" aria-label=\"All Job Category\"><option value=\"\">All Job Category<\/option><option value=\"98\" data-slug=\"agriculture\">Agriculture<\/option><option value=\"99\" data-slug=\"restauration-hotellerie\">Restauration-H\u00f4tellerie<\/option><option value=\"94\" data-slug=\"transport\">Transport<\/option><\/select><\/div><div class=\"awsm-filter-item\" data-filter=\"job__type_spec\"><label for=\"awsm-job-type-filter-option-1\" class=\"awsm-sr-only\">All Job Type<\/label><select name=\"awsm_job_spec[job-type]\" class=\"awsm-filter-option awsm-job-type-filter-option\" id=\"awsm-job-type-filter-option-1\" aria-label=\"All Job Type\"><option value=\"\">All Job Type<\/option><option value=\"95\" data-slug=\"interimaire\">Interimaire<\/option><option value=\"96\" data-slug=\"travailleurs-detaches\">Travailleurs d\u00e9tach\u00e9s<\/option><\/select><\/div><div class=\"awsm-filter-item\" data-filter=\"job__location_spec\"><label for=\"awsm-job-location-filter-option-1\" class=\"awsm-sr-only\">All Job Location<\/label><select name=\"awsm_job_spec[job-location]\" class=\"awsm-filter-option awsm-job-location-filter-option\" id=\"awsm-job-location-filter-option-1\" aria-label=\"All Job Location\"><option value=\"\">All Job Location<\/option><option value=\"97\" data-slug=\"france\">France<\/option><\/select><\/div><\/div><input type=\"hidden\" name=\"awsm_pagination_base\" value=\"https:\/\/rapid-interim.com\/index.php\/wp-json\/wp\/v2\/pages\/21509\/\"><input type=\"hidden\" name=\"paged\" value=\"1\"><input type=\"hidden\" name=\"action\" value=\"jobfilter\"><\/form><\/div>\n\t\t<div class=\"awsm-job-listings awsm-row awsm-grid-col-3\" data-listings=\"10\">\n\t\t\t\t\t<div class=\"awsm-job-listing-item awsm-grid-item\" id=\"awsm-grid-item-21518\">\t\t<a href=\"https:\/\/rapid-interim.com\/index.php\/jobs\/serveur\/\" class=\"awsm-job-item\">\t\t\t<div class=\"awsm-grid-left-col\">\n\t\t\t\t\n\t\t\t\t<div class=\"awsm-job-featured-image\"><img decoding=\"async\" width=\"150\" height=\"150\" src=\"https:\/\/rapid-interim.com\/wp-content\/uploads\/2024\/06\/2000004481490-150x150.webp\" class=\"attachment-thumbnail size-thumbnail\" alt=\"\" srcset=\"https:\/\/rapid-interim.com\/wp-content\/uploads\/2024\/06\/2000004481490-150x150.webp 150w, https:\/\/rapid-interim.com\/wp-content\/uploads\/2024\/06\/2000004481490-300x300.webp 300w, https:\/\/rapid-interim.com\/wp-content\/uploads\/2024\/06\/2000004481490-100x100.webp 100w\" sizes=\"(max-width: 150px) 100vw, 150px\" \/><\/div>\n\t\t\t\t<h2 class=\"awsm-job-post-title\">\n\t\t\t\t\tServeur\t\t\t\t<\/h2>\n\n\t\t\t\t\t\t\t<\/div>\n\n\t\t\t<div class=\"awsm-grid-right-col\">\n\t\t\t\t<div class=\"awsm-job-specification-wrapper\"><div class=\"awsm-job-specification-item awsm-job-specification-job-category\"><span class=\"awsm-job-specification-term\">Restauration-H\u00f4tellerie<\/span> <\/div><div class=\"awsm-job-specification-item awsm-job-specification-job-location\"><span class=\"awsm-job-specification-term\">France<\/span> <\/div><\/div><div class=\"awsm-job-more-container\"><span class=\"awsm-job-more\">More Details <span><\/span><\/span><\/div>\t\t\t<\/div>\n\t\t<\/a>\t<\/div><div class=\"awsm-job-listing-item awsm-grid-item\" id=\"awsm-grid-item-21516\">\t\t<a href=\"https:\/\/rapid-interim.com\/index.php\/jobs\/conducteur-dengins-agricoles\/\" class=\"awsm-job-item\">\t\t\t<div class=\"awsm-grid-left-col\">\n\t\t\t\t\n\t\t\t\t<div class=\"awsm-job-featured-image\"><img decoding=\"async\" width=\"150\" height=\"150\" src=\"https:\/\/rapid-interim.com\/wp-content\/uploads\/2024\/06\/tractor-8461741_1920-150x150.png\" class=\"attachment-thumbnail size-thumbnail\" alt=\"\" srcset=\"https:\/\/rapid-interim.com\/wp-content\/uploads\/2024\/06\/tractor-8461741_1920-150x150.png 150w, https:\/\/rapid-interim.com\/wp-content\/uploads\/2024\/06\/tractor-8461741_1920-720x720.png 720w, https:\/\/rapid-interim.com\/wp-content\/uploads\/2024\/06\/tractor-8461741_1920-300x300.png 300w, https:\/\/rapid-interim.com\/wp-content\/uploads\/2024\/06\/tractor-8461741_1920-100x100.png 100w\" sizes=\"(max-width: 150px) 100vw, 150px\" \/><\/div>\n\t\t\t\t<h2 class=\"awsm-job-post-title\">\n\t\t\t\t\tConducteur d&rsquo;Engins Agricoles\t\t\t\t<\/h2>\n\n\t\t\t\t\t\t\t<\/div>\n\n\t\t\t<div class=\"awsm-grid-right-col\">\n\t\t\t\t<div class=\"awsm-job-specification-wrapper\"><div class=\"awsm-job-specification-item awsm-job-specification-job-category\"><span class=\"awsm-job-specification-term\">Agriculture<\/span> <\/div><div class=\"awsm-job-specification-item awsm-job-specification-job-location\"><span class=\"awsm-job-specification-term\">France<\/span> <\/div><\/div><div class=\"awsm-job-more-container\"><span class=\"awsm-job-more\">More Details <span><\/span><\/span><\/div>\t\t\t<\/div>\n\t\t<\/a>\t<\/div><div class=\"awsm-job-listing-item awsm-grid-item\" id=\"awsm-grid-item-21511\">\t\t<a href=\"https:\/\/rapid-interim.com\/index.php\/jobs\/chauffeur-routier\/\" class=\"awsm-job-item\">\t\t\t<div class=\"awsm-grid-left-col\">\n\t\t\t\t\n\t\t\t\t<div class=\"awsm-job-featured-image\"><img decoding=\"async\" width=\"150\" height=\"150\" src=\"https:\/\/rapid-interim.com\/wp-content\/uploads\/2024\/06\/conducteur-routier-Val-Thoermer-Fotolia-150x150.jpg\" class=\"attachment-thumbnail size-thumbnail\" alt=\"\" srcset=\"https:\/\/rapid-interim.com\/wp-content\/uploads\/2024\/06\/conducteur-routier-Val-Thoermer-Fotolia-150x150.jpg 150w, https:\/\/rapid-interim.com\/wp-content\/uploads\/2024\/06\/conducteur-routier-Val-Thoermer-Fotolia-720x720.jpg 720w, https:\/\/rapid-interim.com\/wp-content\/uploads\/2024\/06\/conducteur-routier-Val-Thoermer-Fotolia-300x300.jpg 300w, https:\/\/rapid-interim.com\/wp-content\/uploads\/2024\/06\/conducteur-routier-Val-Thoermer-Fotolia-100x100.jpg 100w\" sizes=\"(max-width: 150px) 100vw, 150px\" \/><\/div>\n\t\t\t\t<h2 class=\"awsm-job-post-title\">\n\t\t\t\t\tChauffeur Routier\t\t\t\t<\/h2>\n\n\t\t\t\t\t\t\t<\/div>\n\n\t\t\t<div class=\"awsm-grid-right-col\">\n\t\t\t\t<div class=\"awsm-job-specification-wrapper\"><div class=\"awsm-job-specification-item awsm-job-specification-job-category\"><span class=\"awsm-job-specification-term\">Transport<\/span> <\/div><div class=\"awsm-job-specification-item awsm-job-specification-job-location\"><span class=\"awsm-job-specification-term\">France<\/span> <\/div><\/div><div class=\"awsm-job-more-container\"><span class=\"awsm-job-more\">More Details <span><\/span><\/span><\/div>\t\t\t<\/div>\n\t\t<\/a>\t<\/div>\t\t\t\t<\/div>\n\t<\/div>\n\n","protected":false},"excerpt":{"rendered":"Description du Poste : Nous recherchons des chauffeurs routiers qualifi\u00e9s pour transporter des marchandises \u00e0 travers la France. Vous serez responsable de la conduite de camions, de la livraison des marchandises en toute s\u00e9curit\u00e9, et du respect des horaires. Missions : Conduire des camions pour transporter des marchandises Charger et d\u00e9charger les marchandises Assurer la [...]","protected":false},"author":1,"featured_media":0,"parent":0,"menu_order":0,"comment_status":"closed","ping_status":"closed","template":"","meta":{"_crdt_document":"","footnotes":""},"class_list":["post-21509","page","type-page","status-publish","hentry"],"yoast_head":"<!-- This site is optimized with the Yoast SEO plugin v27.4 - https:\/\/yoast.com\/product\/yoast-seo-wordpress\/ -->\n<title>Jobs - rapid-interim<\/title>\n<meta name=\"robots\" content=\"index, follow, max-snippet:-1, max-image-preview:large, max-video-preview:-1\" \/>\n<link rel=\"canonical\" href=\"https:\/\/rapid-interim.com\/index.php\/job-openings\/\" \/>\n<meta property=\"og:locale\" content=\"fr_FR\" \/>\n<meta property=\"og:type\" content=\"article\" \/>\n<meta property=\"og:title\" content=\"Jobs - rapid-interim\" \/>\n<meta property=\"og:url\" content=\"https:\/\/rapid-interim.com\/index.php\/job-openings\/\" \/>\n<meta property=\"og:site_name\" content=\"rapid-interim\" \/>\n<meta property=\"article:modified_time\" content=\"2024-06-26T12:16:34+00:00\" \/>\n<meta name=\"twitter:card\" content=\"summary_large_image\" \/>\n<script type=\"application\/ld+json\" class=\"yoast-schema-graph\">{\"@context\":\"https:\\\/\\\/schema.org\",\"@graph\":[{\"@type\":\"WebPage\",\"@id\":\"https:\\\/\\\/rapid-interim.com\\\/index.php\\\/job-openings\\\/\",\"url\":\"https:\\\/\\\/rapid-interim.com\\\/index.php\\\/job-openings\\\/\",\"name\":\"Jobs - rapid-interim\",\"isPartOf\":{\"@id\":\"https:\\\/\\\/rapid-interim.com\\\/#website\"},\"datePublished\":\"2024-06-26T12:15:41+00:00\",\"dateModified\":\"2024-06-26T12:16:34+00:00\",\"breadcrumb\":{\"@id\":\"https:\\\/\\\/rapid-interim.com\\\/index.php\\\/job-openings\\\/#breadcrumb\"},\"inLanguage\":\"fr-FR\",\"potentialAction\":[{\"@type\":\"ReadAction\",\"target\":[\"https:\\\/\\\/rapid-interim.com\\\/index.php\\\/job-openings\\\/\"]}]},{\"@type\":\"BreadcrumbList\",\"@id\":\"https:\\\/\\\/rapid-interim.com\\\/index.php\\\/job-openings\\\/#breadcrumb\",\"itemListElement\":[{\"@type\":\"ListItem\",\"position\":1,\"name\":\"Accueil\",\"item\":\"https:\\\/\\\/rapid-interim.com\\\/\"},{\"@type\":\"ListItem\",\"position\":2,\"name\":\"Jobs\"}]},{\"@type\":\"WebSite\",\"@id\":\"https:\\\/\\\/rapid-interim.com\\\/#website\",\"url\":\"https:\\\/\\\/rapid-interim.com\\\/\",\"name\":\"rapid-interim\",\"description\":\"Interim et travail temporaire\",\"publisher\":{\"@id\":\"https:\\\/\\\/rapid-interim.com\\\/#organization\"},\"potentialAction\":[{\"@type\":\"SearchAction\",\"target\":{\"@type\":\"EntryPoint\",\"urlTemplate\":\"https:\\\/\\\/rapid-interim.com\\\/?s={search_term_string}\"},\"query-input\":{\"@type\":\"PropertyValueSpecification\",\"valueRequired\":true,\"valueName\":\"search_term_string\"}}],\"inLanguage\":\"fr-FR\"},{\"@type\":\"Organization\",\"@id\":\"https:\\\/\\\/rapid-interim.com\\\/#organization\",\"name\":\"rapid-interim\",\"url\":\"https:\\\/\\\/rapid-interim.com\\\/\",\"logo\":{\"@type\":\"ImageObject\",\"inLanguage\":\"fr-FR\",\"@id\":\"https:\\\/\\\/rapid-interim.com\\\/#\\\/schema\\\/logo\\\/image\\\/\",\"url\":\"https:\\\/\\\/rapid-interim.com\\\/wp-content\\\/uploads\\\/2022\\\/06\\\/cropped-rapid-inetrim.png\",\"contentUrl\":\"https:\\\/\\\/rapid-interim.com\\\/wp-content\\\/uploads\\\/2022\\\/06\\\/cropped-rapid-inetrim.png\",\"width\":314,\"height\":137,\"caption\":\"rapid-interim\"},\"image\":{\"@id\":\"https:\\\/\\\/rapid-interim.com\\\/#\\\/schema\\\/logo\\\/image\\\/\"}}]}<\/script>\n<!-- \/ Yoast SEO plugin. -->","yoast_head_json":{"title":"Jobs - rapid-interim","robots":{"index":"index","follow":"follow","max-snippet":"max-snippet:-1","max-image-preview":"max-image-preview:large","max-video-preview":"max-video-preview:-1"},"canonical":"https:\/\/rapid-interim.com\/index.php\/job-openings\/","og_locale":"fr_FR","og_type":"article","og_title":"Jobs - rapid-interim","og_url":"https:\/\/rapid-interim.com\/index.php\/job-openings\/","og_site_name":"rapid-interim","article_modified_time":"2024-06-26T12:16:34+00:00","twitter_card":"summary_large_image","schema":{"@context":"https:\/\/schema.org","@graph":[{"@type":"WebPage","@id":"https:\/\/rapid-interim.com\/index.php\/job-openings\/","url":"https:\/\/rapid-interim.com\/index.php\/job-openings\/","name":"Jobs - rapid-interim","isPartOf":{"@id":"https:\/\/rapid-interim.com\/#website"},"datePublished":"2024-06-26T12:15:41+00:00","dateModified":"2024-06-26T12:16:34+00:00","breadcrumb":{"@id":"https:\/\/rapid-interim.com\/index.php\/job-openings\/#breadcrumb"},"inLanguage":"fr-FR","potentialAction":[{"@type":"ReadAction","target":["https:\/\/rapid-interim.com\/index.php\/job-openings\/"]}]},{"@type":"BreadcrumbList","@id":"https:\/\/rapid-interim.com\/index.php\/job-openings\/#breadcrumb","itemListElement":[{"@type":"ListItem","position":1,"name":"Accueil","item":"https:\/\/rapid-interim.com\/"},{"@type":"ListItem","position":2,"name":"Jobs"}]},{"@type":"WebSite","@id":"https:\/\/rapid-interim.com\/#website","url":"https:\/\/rapid-interim.com\/","name":"rapid-interim","description":"Interim et travail temporaire","publisher":{"@id":"https:\/\/rapid-interim.com\/#organization"},"potentialAction":[{"@type":"SearchAction","target":{"@type":"EntryPoint","urlTemplate":"https:\/\/rapid-interim.com\/?s={search_term_string}"},"query-input":{"@type":"PropertyValueSpecification","valueRequired":true,"valueName":"search_term_string"}}],"inLanguage":"fr-FR"},{"@type":"Organization","@id":"https:\/\/rapid-interim.com\/#organization","name":"rapid-interim","url":"https:\/\/rapid-interim.com\/","logo":{"@type":"ImageObject","inLanguage":"fr-FR","@id":"https:\/\/rapid-interim.com\/#\/schema\/logo\/image\/","url":"https:\/\/rapid-interim.com\/wp-content\/uploads\/2022\/06\/cropped-rapid-inetrim.png","contentUrl":"https:\/\/rapid-interim.com\/wp-content\/uploads\/2022\/06\/cropped-rapid-inetrim.png","width":314,"height":137,"caption":"rapid-interim"},"image":{"@id":"https:\/\/rapid-interim.com\/#\/schema\/logo\/image\/"}}]}},"jetpack_sharing_enabled":true,"_links":{"self":[{"href":"https:\/\/rapid-interim.com\/index.php\/wp-json\/wp\/v2\/pages\/21509","targetHints":{"allow":["GET"]}}],"collection":[{"href":"https:\/\/rapid-interim.com\/index.php\/wp-json\/wp\/v2\/pages"}],"about":[{"href":"https:\/\/rapid-interim.com\/index.php\/wp-json\/wp\/v2\/types\/page"}],"author":[{"embeddable":true,"href":"https:\/\/rapid-interim.com\/index.php\/wp-json\/wp\/v2\/users\/1"}],"replies":[{"embeddable":true,"href":"https:\/\/rapid-interim.com\/index.php\/wp-json\/wp\/v2\/comments?post=21509"}],"version-history":[{"count":1,"href":"https:\/\/rapid-interim.com\/index.php\/wp-json\/wp\/v2\/pages\/21509\/revisions"}],"predecessor-version":[{"id":21510,"href":"https:\/\/rapid-interim.com\/index.php\/wp-json\/wp\/v2\/pages\/21509\/revisions\/21510"}],"wp:attachment":[{"href":"https:\/\/rapid-interim.com\/index.php\/wp-json\/wp\/v2\/media?parent=21509"}],"curies":[{"name":"wp","href":"https:\/\/api.w.org\/{rel}","templated":true}]}}