{"id":21147,"date":"2024-04-10T10:13:10","date_gmt":"2024-04-10T08:13:10","guid":{"rendered":"https:\/\/rapid-interim.com\/index.php\/offres-demploi\/"},"modified":"2024-06-19T15:03:39","modified_gmt":"2024-06-19T13:03:39","slug":"offres-demploi","status":"publish","type":"page","link":"https:\/\/rapid-interim.com\/index.php\/offres-demploi\/","title":{"rendered":"Offres d\u2019emploi"},"content":{"rendered":"<div class=\"job_listings\" data-location=\"\" data-keywords=\"\" data-show_filters=\"true\" data-show_pagination=\"false\" data-per_page=\"10\" data-orderby=\"featured\" data-order=\"DESC\" data-categories=\"\" data-disable-form-state-storage=\"\" data-featured_first=\"false\" data-post_id=\"21147\" >\n<form class=\"job_filters\">\n\t\n\t<div class=\"search_jobs\">\n\t\t\n\t\t<div class=\"search_keywords\">\n\t\t\t<label for=\"search_keywords\">Mots-cl\u00e9s<\/label>\n\t\t\t<input type=\"text\" name=\"search_keywords\" id=\"search_keywords\" placeholder=\"Mots-cl\u00e9s\" value=\"\" \/>\n\t\t<\/div>\n\n\t\t<div class=\"search_location\">\n\t\t\t<label for=\"search_location\">Localisation<\/label>\n\t\t\t<input type=\"text\" name=\"search_location\" id=\"search_location\" placeholder=\"Localisation\" value=\"\" \/>\n\t\t<\/div>\n\n\t\t\t\t\t<div class=\"search_remote_position\">\n\t\t\t\t<input type=\"checkbox\" class=\"input-checkbox\" name=\"remote_position\" id=\"remote_position\" placeholder=\"Localisation\" value=\"1\"  \/>\n\t\t\t\t<label for=\"remote_position\" id=\"remote_position_label\">Postes en t\u00e9l\u00e9travail uniquement<\/label>\n\t\t\t<\/div>\n\t\t\n\t\t<div style=\"clear: both\"><\/div>\n\n\t\t\t\t\t<div class=\"search_categories\">\n\t\t\t\t<label for=\"search_categories\">Cat\u00e9gorie<\/label>\n\t\t\t\t\t\t\t\t\t<select name='search_categories[]' id='search_categories' class='job-manager-category-dropdown '  data-placeholder='Choisissez une cat\u00e9gorie&hellip;' data-no_results_text='Aucun r\u00e9sultat' data-multiple_text='Choisir une option'>\n<option value=\"\">N\u2019importe quelle cat\u00e9gorie<\/option>\t<option class=\"level-0\" value=\"90\">Transport<\/option>\n<\/select>\n\t\t\t\t\t\t\t<\/div>\n\t\t\n\t\t\t\t\t<div class=\"search_submit\">\n\t\t\t\t<input type=\"submit\" value=\"Rechercher des offres d\u2019emploi\">\n\t\t\t<\/div>\n\t\t\n\t\t\t<\/div>\n\n\t\t<ul class=\"job_types\">\n\t\t\t\t\t<li><label for=\"job_type_freelance\" class=\"freelance\"><input type=\"checkbox\" name=\"filter_job_type[]\" value=\"freelance\"  checked='checked' id=\"job_type_freelance\" \/> Freelance<\/label><\/li>\n\t\t\t\t\t<li><label for=\"job_type_full-time\" class=\"full-time\"><input type=\"checkbox\" name=\"filter_job_type[]\" value=\"full-time\"  checked='checked' id=\"job_type_full-time\" \/> Full Time<\/label><\/li>\n\t\t\t\t\t<li><label for=\"job_type_internship\" class=\"internship\"><input type=\"checkbox\" name=\"filter_job_type[]\" value=\"internship\"  checked='checked' id=\"job_type_internship\" \/> Internship<\/label><\/li>\n\t\t\t\t\t<li><label for=\"job_type_part-time\" class=\"part-time\"><input type=\"checkbox\" name=\"filter_job_type[]\" value=\"part-time\"  checked='checked' id=\"job_type_part-time\" \/> Part Time<\/label><\/li>\n\t\t\t\t\t<li><label for=\"job_type_temporary\" class=\"temporary\"><input type=\"checkbox\" name=\"filter_job_type[]\" value=\"temporary\"  checked='checked' id=\"job_type_temporary\" \/> Temporary<\/label><\/li>\n\t\t\t<\/ul>\n\t<input type=\"hidden\" name=\"filter_job_type[]\" value=\"\" \/>\n<div class=\"showing_jobs\"><\/div><\/form>\n\n\n<noscript>Votre navigateur ne supporte pas JavaScript, ou bien JavaScript est d\u00e9sactiv\u00e9. JavaScript doit \u00eatre activ\u00e9 pour pouvoir visualiser des postes.<\/noscript>\n<ul class=\"job_listings\">\n<\/ul>\n<a class=\"load_more_jobs\" href=\"#\" style=\"display:none;\"><strong>Afficher plus d\u2019offres<\/strong><\/a><\/div>\n","protected":false},"excerpt":{"rendered":"Mots-cl\u00e9s Localisation Postes en t\u00e9l\u00e9travail uniquement Cat\u00e9gorie N\u2019importe quelle cat\u00e9gorie Transport Freelance Full Time Internship Part Time Temporary Votre navigateur ne supporte pas JavaScript, ou bien JavaScript est d\u00e9sactiv\u00e9. JavaScript doit \u00eatre activ\u00e9 pour pouvoir visualiser des postes. Afficher plus d\u2019offres","protected":false},"author":1,"featured_media":0,"parent":0,"menu_order":0,"comment_status":"closed","ping_status":"closed","template":"","meta":{"_crdt_document":"","footnotes":""},"class_list":["post-21147","page","type-page","status-publish","hentry"],"yoast_head":"<!-- This site is optimized with the Yoast SEO plugin v27.3 - https:\/\/yoast.com\/product\/yoast-seo-wordpress\/ -->\n<title>Offres d\u2019emploi - rapid-interim<\/title>\n<meta name=\"robots\" content=\"index, follow, max-snippet:-1, max-image-preview:large, max-video-preview:-1\" \/>\n<link rel=\"canonical\" href=\"https:\/\/rapid-interim.com\/index.php\/offres-demploi\/\" \/>\n<meta property=\"og:locale\" content=\"fr_FR\" \/>\n<meta property=\"og:type\" content=\"article\" \/>\n<meta property=\"og:title\" content=\"Offres d\u2019emploi - rapid-interim\" \/>\n<meta property=\"og:url\" content=\"https:\/\/rapid-interim.com\/index.php\/offres-demploi\/\" \/>\n<meta property=\"og:site_name\" content=\"rapid-interim\" \/>\n<meta property=\"article:modified_time\" content=\"2024-06-19T13:03:39+00:00\" \/>\n<meta name=\"twitter:card\" content=\"summary_large_image\" \/>\n<script type=\"application\/ld+json\" class=\"yoast-schema-graph\">{\"@context\":\"https:\\\/\\\/schema.org\",\"@graph\":[{\"@type\":\"WebPage\",\"@id\":\"https:\\\/\\\/rapid-interim.com\\\/index.php\\\/offres-demploi\\\/\",\"url\":\"https:\\\/\\\/rapid-interim.com\\\/index.php\\\/offres-demploi\\\/\",\"name\":\"Offres d\u2019emploi - rapid-interim\",\"isPartOf\":{\"@id\":\"https:\\\/\\\/rapid-interim.com\\\/#website\"},\"datePublished\":\"2024-04-10T08:13:10+00:00\",\"dateModified\":\"2024-06-19T13:03:39+00:00\",\"breadcrumb\":{\"@id\":\"https:\\\/\\\/rapid-interim.com\\\/index.php\\\/offres-demploi\\\/#breadcrumb\"},\"inLanguage\":\"fr-FR\",\"potentialAction\":[{\"@type\":\"ReadAction\",\"target\":[\"https:\\\/\\\/rapid-interim.com\\\/index.php\\\/offres-demploi\\\/\"]}]},{\"@type\":\"BreadcrumbList\",\"@id\":\"https:\\\/\\\/rapid-interim.com\\\/index.php\\\/offres-demploi\\\/#breadcrumb\",\"itemListElement\":[{\"@type\":\"ListItem\",\"position\":1,\"name\":\"Accueil\",\"item\":\"https:\\\/\\\/rapid-interim.com\\\/\"},{\"@type\":\"ListItem\",\"position\":2,\"name\":\"Offres d\u2019emploi\"}]},{\"@type\":\"WebSite\",\"@id\":\"https:\\\/\\\/rapid-interim.com\\\/#website\",\"url\":\"https:\\\/\\\/rapid-interim.com\\\/\",\"name\":\"rapid-interim\",\"description\":\"Interim et travail temporaire\",\"publisher\":{\"@id\":\"https:\\\/\\\/rapid-interim.com\\\/#organization\"},\"potentialAction\":[{\"@type\":\"SearchAction\",\"target\":{\"@type\":\"EntryPoint\",\"urlTemplate\":\"https:\\\/\\\/rapid-interim.com\\\/?s={search_term_string}\"},\"query-input\":{\"@type\":\"PropertyValueSpecification\",\"valueRequired\":true,\"valueName\":\"search_term_string\"}}],\"inLanguage\":\"fr-FR\"},{\"@type\":\"Organization\",\"@id\":\"https:\\\/\\\/rapid-interim.com\\\/#organization\",\"name\":\"rapid-interim\",\"url\":\"https:\\\/\\\/rapid-interim.com\\\/\",\"logo\":{\"@type\":\"ImageObject\",\"inLanguage\":\"fr-FR\",\"@id\":\"https:\\\/\\\/rapid-interim.com\\\/#\\\/schema\\\/logo\\\/image\\\/\",\"url\":\"https:\\\/\\\/rapid-interim.com\\\/wp-content\\\/uploads\\\/2022\\\/06\\\/cropped-rapid-inetrim.png\",\"contentUrl\":\"https:\\\/\\\/rapid-interim.com\\\/wp-content\\\/uploads\\\/2022\\\/06\\\/cropped-rapid-inetrim.png\",\"width\":314,\"height\":137,\"caption\":\"rapid-interim\"},\"image\":{\"@id\":\"https:\\\/\\\/rapid-interim.com\\\/#\\\/schema\\\/logo\\\/image\\\/\"}}]}<\/script>\n<!-- \/ Yoast SEO plugin. -->","yoast_head_json":{"title":"Offres d\u2019emploi - rapid-interim","robots":{"index":"index","follow":"follow","max-snippet":"max-snippet:-1","max-image-preview":"max-image-preview:large","max-video-preview":"max-video-preview:-1"},"canonical":"https:\/\/rapid-interim.com\/index.php\/offres-demploi\/","og_locale":"fr_FR","og_type":"article","og_title":"Offres d\u2019emploi - rapid-interim","og_url":"https:\/\/rapid-interim.com\/index.php\/offres-demploi\/","og_site_name":"rapid-interim","article_modified_time":"2024-06-19T13:03:39+00:00","twitter_card":"summary_large_image","schema":{"@context":"https:\/\/schema.org","@graph":[{"@type":"WebPage","@id":"https:\/\/rapid-interim.com\/index.php\/offres-demploi\/","url":"https:\/\/rapid-interim.com\/index.php\/offres-demploi\/","name":"Offres d\u2019emploi - rapid-interim","isPartOf":{"@id":"https:\/\/rapid-interim.com\/#website"},"datePublished":"2024-04-10T08:13:10+00:00","dateModified":"2024-06-19T13:03:39+00:00","breadcrumb":{"@id":"https:\/\/rapid-interim.com\/index.php\/offres-demploi\/#breadcrumb"},"inLanguage":"fr-FR","potentialAction":[{"@type":"ReadAction","target":["https:\/\/rapid-interim.com\/index.php\/offres-demploi\/"]}]},{"@type":"BreadcrumbList","@id":"https:\/\/rapid-interim.com\/index.php\/offres-demploi\/#breadcrumb","itemListElement":[{"@type":"ListItem","position":1,"name":"Accueil","item":"https:\/\/rapid-interim.com\/"},{"@type":"ListItem","position":2,"name":"Offres d\u2019emploi"}]},{"@type":"WebSite","@id":"https:\/\/rapid-interim.com\/#website","url":"https:\/\/rapid-interim.com\/","name":"rapid-interim","description":"Interim et travail temporaire","publisher":{"@id":"https:\/\/rapid-interim.com\/#organization"},"potentialAction":[{"@type":"SearchAction","target":{"@type":"EntryPoint","urlTemplate":"https:\/\/rapid-interim.com\/?s={search_term_string}"},"query-input":{"@type":"PropertyValueSpecification","valueRequired":true,"valueName":"search_term_string"}}],"inLanguage":"fr-FR"},{"@type":"Organization","@id":"https:\/\/rapid-interim.com\/#organization","name":"rapid-interim","url":"https:\/\/rapid-interim.com\/","logo":{"@type":"ImageObject","inLanguage":"fr-FR","@id":"https:\/\/rapid-interim.com\/#\/schema\/logo\/image\/","url":"https:\/\/rapid-interim.com\/wp-content\/uploads\/2022\/06\/cropped-rapid-inetrim.png","contentUrl":"https:\/\/rapid-interim.com\/wp-content\/uploads\/2022\/06\/cropped-rapid-inetrim.png","width":314,"height":137,"caption":"rapid-interim"},"image":{"@id":"https:\/\/rapid-interim.com\/#\/schema\/logo\/image\/"}}]}},"jetpack_sharing_enabled":true,"_links":{"self":[{"href":"https:\/\/rapid-interim.com\/index.php\/wp-json\/wp\/v2\/pages\/21147","targetHints":{"allow":["GET"]}}],"collection":[{"href":"https:\/\/rapid-interim.com\/index.php\/wp-json\/wp\/v2\/pages"}],"about":[{"href":"https:\/\/rapid-interim.com\/index.php\/wp-json\/wp\/v2\/types\/page"}],"author":[{"embeddable":true,"href":"https:\/\/rapid-interim.com\/index.php\/wp-json\/wp\/v2\/users\/1"}],"replies":[{"embeddable":true,"href":"https:\/\/rapid-interim.com\/index.php\/wp-json\/wp\/v2\/comments?post=21147"}],"version-history":[{"count":1,"href":"https:\/\/rapid-interim.com\/index.php\/wp-json\/wp\/v2\/pages\/21147\/revisions"}],"predecessor-version":[{"id":21361,"href":"https:\/\/rapid-interim.com\/index.php\/wp-json\/wp\/v2\/pages\/21147\/revisions\/21361"}],"wp:attachment":[{"href":"https:\/\/rapid-interim.com\/index.php\/wp-json\/wp\/v2\/media?parent=21147"}],"curies":[{"name":"wp","href":"https:\/\/api.w.org\/{rel}","templated":true}]}}